{"id":3876,"date":"2018-01-30T16:19:14","date_gmt":"2018-01-30T15:19:14","guid":{"rendered":"http:\/\/www.manettifoil.com\/?page_id=3876"},"modified":"2023-06-15T11:41:13","modified_gmt":"2023-06-15T09:41:13","slug":"contacts","status":"publish","type":"page","link":"https:\/\/manettifoil.com\/en\/contacts\/","title":{"rendered":"CONTACTS"},"content":{"rendered":"<section class=\"wpb-content-wrapper\"><p>[vc_row full_width=&#8221;stretch_row_content&#8221;][vc_column][vc_gmaps link=&#8221;#E-8_JTNDaWZyYW1lJTIwc3JjJTNEJTIyaHR0cHMlM0ElMkYlMkZ3d3cuZ29vZ2xlLmNvbSUyRm1hcHMlMkZlbWJlZCUzRnBiJTNEJTIxMW0xOCUyMTFtMTIlMjExbTMlMjExZDI4NzguMjk0OTcxNjI2MjUyJTIxMmQxMS4xMTYwMzk4MTU2MDkyNyUyMTNkNDMuODI4OTgxNDc5MTE1NjElMjEybTMlMjExZjAlMjEyZjAlMjEzZjAlMjEzbTIlMjExaTEwMjQlMjEyaTc2OCUyMTRmMTMuMSUyMTNtMyUyMTFtMiUyMTFzMHgxMzJhNTg1MGE4MDIyNWFmJTI1M0EweGEzOWQ1ZjUzNWRmOTI3ZDclMjEyc0dpdXN0byUyQk1hbmV0dGklMkJCYXR0aWxvcm8lMkIlMjU3QyUyQkdvbGQlMkJMZWFmJTJCTWFudWZhY3R1cmVycyUyMTVlMCUyMTNtMiUyMTFzaXQlMjEyc2l0JTIxNHYxNDg0NTg4MDY0ODM2JTIyJTIwd2lkdGglM0QlMjI2MDAlMjIlMjBoZWlnaHQlM0QlMjI0NTAlMjIlMjBmcmFtZWJvcmRlciUzRCUyMjAlMjIlMjBzdHlsZSUzRCUyMmJvcmRlciUzQTAlMjIlMjBhbGxvd2Z1bGxzY3JlZW4lM0UlM0MlMkZpZnJhbWUlM0U=&#8221; css=&#8221;.vc_custom_1484650999422{padding-bottom: 30px !important;}&#8221;][\/vc_column][\/vc_row][vc_row type=&#8221;boxed&#8221; background_style=&#8221;normal&#8221;][vc_column width=&#8221;1\/2&#8243;]\n<div class=\"wpcf7 no-js\" id=\"wpcf7-f1637-o1\" lang=\"en-US\" dir=\"ltr\">\n<div class=\"screen-reader-response\"><p role=\"status\" aria-live=\"polite\" aria-atomic=\"true\"><\/p> <ul><\/ul><\/div>\n<form action=\"\/en\/wp-json\/wp\/v2\/pages\/3876#wpcf7-f1637-o1\" method=\"post\" class=\"wpcf7-form init\" aria-label=\"Contact form\" novalidate=\"novalidate\" data-status=\"init\">\n<div style=\"display: none;\">\n<input type=\"hidden\" name=\"_wpcf7\" value=\"1637\" \/>\n<input type=\"hidden\" name=\"_wpcf7_version\" value=\"5.9.8\" \/>\n<input type=\"hidden\" name=\"_wpcf7_locale\" value=\"en_US\" \/>\n<input type=\"hidden\" name=\"_wpcf7_unit_tag\" value=\"wpcf7-f1637-o1\" \/>\n<input type=\"hidden\" name=\"_wpcf7_container_post\" value=\"0\" \/>\n<input type=\"hidden\" name=\"_wpcf7_posted_data_hash\" value=\"\" \/>\n<input type=\"hidden\" name=\"_wpcf7_recaptcha_response\" value=\"\" \/>\n<\/div>\n<p>Company\n<\/p>\n<p><span class=\"wpcf7-form-control-wrap\" data-name=\"your-company\"><input size=\"40\" maxlength=\"400\" class=\"wpcf7-form-control wpcf7-text wpcf7-validates-as-required\" aria-required=\"true\" aria-invalid=\"false\" value=\"\" type=\"text\" name=\"your-company\" \/><\/span>\n<\/p>\n<p>Name\/Surname\n<\/p>\n<p><span class=\"wpcf7-form-control-wrap\" data-name=\"your-name\"><input size=\"40\" maxlength=\"400\" class=\"wpcf7-form-control wpcf7-text wpcf7-validates-as-required\" aria-required=\"true\" aria-invalid=\"false\" value=\"\" type=\"text\" name=\"your-name\" \/><\/span>\n<\/p>\n<p>E-mail\n<\/p>\n<p><span class=\"wpcf7-form-control-wrap\" data-name=\"your-email\"><input size=\"40\" maxlength=\"400\" class=\"wpcf7-form-control wpcf7-email wpcf7-validates-as-required wpcf7-text wpcf7-validates-as-email\" aria-required=\"true\" aria-invalid=\"false\" value=\"\" type=\"email\" name=\"your-email\" \/><\/span>\n<\/p>\n<p>Message\n<\/p>\n<p><span class=\"wpcf7-form-control-wrap\" data-name=\"your-message\"><textarea cols=\"40\" rows=\"10\" maxlength=\"2000\" class=\"wpcf7-form-control wpcf7-textarea wpcf7-validates-as-required\" aria-required=\"true\" aria-invalid=\"false\" name=\"your-message\"><\/textarea><\/span>\n<\/p>\n<p><input class=\"wpcf7-form-control wpcf7-submit has-spinner\" type=\"submit\" value=\"Send\" \/>\n<\/p><div class=\"wpcf7-response-output\" aria-hidden=\"true\"><\/div>\n<\/form>\n<\/div>\n[\/vc_column][vc_column width=&#8221;1\/2&#8243;][vc_column_text]<\/p>\n<hr \/>\n<p><span style=\"font-size: 14pt;\">ADDRESS<\/span><\/p>\n<p><span style=\"font-size: 14pt;\"><b>Giusto Manetti Battiloro S. p. A.<\/b><\/span><br \/>\n<span style=\"font-size: 14pt;\">Via Tosca Fiesoli, 89 M<\/span><br \/>\n<span style=\"font-size: 14pt;\">50013 Campi Bisenzio (FI) &#8211; ITALY<\/span><\/p>\n<p><span style=\"font-size: 14pt;\">ph. +39 055 4362 620<\/span><br \/>\n<span style=\"font-size: 14pt;\">e-mail <a href=\"mailto:commerciale@manetti.it\" target=\"_blank\" rel=\"noopener noreferrer\">commerciale@manetti.it<\/a><\/span><\/p>\n<hr \/>\n<p>[\/vc_column_text][\/vc_column][\/vc_row][vc_row type=&#8221;boxed&#8221; css=&#8221;.vc_custom_1489571830468{margin-top: 30px !important;}&#8221;][vc_column width=&#8221;1\/3&#8243;][vc_column_text]<a href=\"http:\/\/www.starfoils.it\/\" target=\"_blank\" rel=\"noopener\"><span style=\"font-size: 14pt;\"><b>Star Foils S. r. l.<\/b><\/span><\/a><br \/>\n<span style=\"font-size: 14pt;\">Via Murelle, 13 &#8211; Int. 21<\/span><br \/>\n<span style=\"font-size: 14pt;\">80146 Napoli (NA), Italy<\/span><br \/>\n<span style=\"font-size: 14pt;\">Tel. + 39 081 5595 286<\/span><br \/>\n<span style=\"font-size: 14pt;\">e-mail: info@starfoils.it<\/span><br \/>\n<strong><a href=\"http:\/\/www.starfoils.it\/\"><span style=\"font-size: 18.6667px;\">www.starfoils.it<\/span><\/a><\/strong>[\/vc_column_text][\/vc_column][vc_column width=&#8221;1\/3&#8243;][vc_column_text]<span style=\"font-size: 14pt;\"><b>Manetti Battiloro Ib\u00e9rica S.L.<\/b><\/span><br \/>\n<span style=\"font-size: 14pt;\">Calle Nogal, 9 &#8211; Pol. La Cepa<\/span><br \/>\n<span style=\"font-size: 14pt;\">04230 Hu\u00e9rcal de Alm\u00e9ria, Espa\u00f1a<\/span><br \/>\n<span style=\"font-size: 14pt;\">Tel. + 34 950 143711<\/span><br \/>\n<span style=\"font-size: 14pt;\">Fax + 34 950 143493<\/span><br \/>\n<span style=\"font-size: 14pt;\">e-mail <a href=\"mailto:merce@marcopro.es\" target=\"_blank\" rel=\"noopener noreferrer\">merce@marcopro.es<\/a><\/span>[\/vc_column_text][\/vc_column][vc_column width=&#8221;1\/3&#8243;][vc_column_text]<span style=\"font-size: 14pt;\"><b>Manetti Design Sp. z.o.o.<\/b><\/span><br \/>\n<span style=\"font-size: 14pt;\">UI. Wilgowa 65 F<\/span><br \/>\n<span style=\"font-size: 14pt;\">42-271 Cz\u0119stochowa, Polska<\/span><br \/>\n<span style=\"font-size: 14pt;\">Tel. + 48 664 033 903<\/span><br \/>\n<span style=\"font-size: 14pt;\">e-mail <a href=\"mailto:biuro@manetti.pl\" target=\"_blank\" rel=\"noopener noreferrer\">biuro@manetti.pl<\/a><br \/>\n<strong><a href=\"http:\/\/www.manettidesign.it\/pl\">www.manettidesign.it\/pl<\/a><\/strong><br \/>\n<\/span>[\/vc_column_text][\/vc_column][\/vc_row]<\/p>\n<\/section>","protected":false},"excerpt":{"rendered":"<p>[vc_row full_width=&#8221;stretch_row_content&#8221;][vc_column][vc_gmaps link=&#8221;#E-8_JTNDaWZyYW1lJTIwc3JjJTNEJTIyaHR0cHMlM0ElMkYlMkZ3d3cuZ29vZ2xlLmNvbSUyRm1hcHMlMkZlbWJlZCUzRnBiJTNEJTIxMW0xOCUyMTFtMTIlMjExbTMlMjExZDI4NzguMjk0OTcxNjI2MjUyJTIxMmQxMS4xMTYwMzk4MTU2MDkyNyUyMTNkNDMuODI4OTgxNDc5MTE1NjElMjEybTMlMjExZjAlMjEyZjAlMjEzZjAlMjEzbTIlMjExaTEwMjQlMjEyaTc2OCUyMTRmMTMuMSUyMTNtMyUyMTFtMiUyMTFzMHgxMzJhNTg1MGE4MDIyNWFmJTI1M0EweGEzOWQ1ZjUzNWRmOTI3ZDclMjEyc0dpdXN0byUyQk1hbmV0dGklMkJCYXR0aWxvcm8lMkIlMjU3QyUyQkdvbGQlMkJMZWFmJTJCTWFudWZhY3R1cmVycyUyMTVlMCUyMTNtMiUyMTFzaXQlMjEyc2l0JTIxNHYxNDg0NTg4MDY0ODM2JTIyJTIwd2lkdGglM0QlMjI2MDAlMjIlMjBoZWlnaHQlM0QlMjI0NTAlMjIlMjBmcmFtZWJvcmRlciUzRCUyMjAlMjIlMjBzdHlsZSUzRCUyMmJvcmRlciUzQTAlMjIlMjBhbGxvd2Z1bGxzY3JlZW4lM0UlM0MlMkZpZnJhbWUlM0U=&#8221; css=&#8221;.vc_custom_1484650999422{padding-bottom: 30px !important;}&#8221;][\/vc_column][\/vc_row][vc_row type=&#8221;boxed&#8221; background_style=&#8221;normal&#8221;][vc_column width=&#8221;1\/2&#8243;][\/vc_column][vc_column width=&#8221;1\/2&#8243;][vc_column_text] ADDRESS Giusto Manetti Battiloro S. p. A. Via Tosca Fiesoli, 89 M 50013 Campi Bisenzio (FI) &#8211; ITALY ph. +39 055 4362 620 e-mail commerciale@manetti.it [\/vc_column_text][\/vc_column][\/vc_row][vc_row type=&#8221;boxed&#8221; css=&#8221;.vc_custom_1489571830468{margin-top: 30px !important;}&#8221;][vc_column width=&#8221;1\/3&#8243;][vc_column_text]Star Foils S. r. l. Via Murelle, 13 &#8211; Int. 21 80146 Napoli (NA), Italy [&hellip;]<\/p>\n","protected":false},"author":4,"featured_media":0,"parent":0,"menu_order":0,"comment_status":"closed","ping_status":"closed","template":"page-full-width.php","meta":{"footnotes":""},"class_list":["post-3876","page","type-page","status-publish","hentry"],"yoast_head":"<!-- This site is optimized with the Yoast SEO plugin v23.4 - https:\/\/yoast.com\/wordpress\/plugins\/seo\/ -->\n<title>Contacts - Giusto Manetti Battiloro | Manetti Foil<\/title>\n<meta name=\"description\" content=\"Giusto Manetti Battiloro - Via Tosca Fiesoli 89\/M, 50013 Campi Bisenzio - Italy. Contacts 055 43 62 61\" \/>\n<meta name=\"robots\" content=\"index, follow, max-snippet:-1, max-image-preview:large, max-video-preview:-1\" \/>\n<link rel=\"canonical\" href=\"https:\/\/manettifoil.com\/en\/contacts\/\" \/>\n<meta property=\"og:locale\" content=\"en_US\" \/>\n<meta property=\"og:type\" content=\"article\" \/>\n<meta property=\"og:title\" content=\"Contacts - Giusto Manetti Battiloro | Manetti Foil\" \/>\n<meta property=\"og:description\" content=\"Giusto Manetti Battiloro - Via Tosca Fiesoli 89\/M, 50013 Campi Bisenzio - Italy. Contacts 055 43 62 61\" \/>\n<meta property=\"og:url\" content=\"https:\/\/manettifoil.com\/en\/contacts\/\" \/>\n<meta property=\"og:site_name\" content=\"Manetti Foil\" \/>\n<meta property=\"article:modified_time\" content=\"2023-06-15T09:41:13+00:00\" \/>\n<meta name=\"twitter:card\" content=\"summary_large_image\" \/>\n<meta name=\"twitter:label1\" content=\"Est. reading time\" \/>\n\t<meta name=\"twitter:data1\" content=\"1 minute\" \/>\n<script type=\"application\/ld+json\" class=\"yoast-schema-graph\">{\"@context\":\"https:\/\/schema.org\",\"@graph\":[{\"@type\":\"WebPage\",\"@id\":\"https:\/\/manettifoil.com\/en\/contacts\/\",\"url\":\"https:\/\/manettifoil.com\/en\/contacts\/\",\"name\":\"Contacts - Giusto Manetti Battiloro | Manetti Foil\",\"isPartOf\":{\"@id\":\"https:\/\/manettifoil.com\/#website\"},\"datePublished\":\"2018-01-30T15:19:14+00:00\",\"dateModified\":\"2023-06-15T09:41:13+00:00\",\"description\":\"Giusto Manetti Battiloro - Via Tosca Fiesoli 89\/M, 50013 Campi Bisenzio - Italy. Contacts 055 43 62 61\",\"breadcrumb\":{\"@id\":\"https:\/\/manettifoil.com\/en\/contacts\/#breadcrumb\"},\"inLanguage\":\"en-US\",\"potentialAction\":[{\"@type\":\"ReadAction\",\"target\":[\"https:\/\/manettifoil.com\/en\/contacts\/\"]}]},{\"@type\":\"BreadcrumbList\",\"@id\":\"https:\/\/manettifoil.com\/en\/contacts\/#breadcrumb\",\"itemListElement\":[{\"@type\":\"ListItem\",\"position\":1,\"name\":\"Home\",\"item\":\"https:\/\/manettifoil.com\/en\/\"},{\"@type\":\"ListItem\",\"position\":2,\"name\":\"CONTACTS\"}]},{\"@type\":\"WebSite\",\"@id\":\"https:\/\/manettifoil.com\/#website\",\"url\":\"https:\/\/manettifoil.com\/\",\"name\":\"Manetti Foil\",\"description\":\"Tradition, Quality, Ethic, Innovation\",\"potentialAction\":[{\"@type\":\"SearchAction\",\"target\":{\"@type\":\"EntryPoint\",\"urlTemplate\":\"https:\/\/manettifoil.com\/?s={search_term_string}\"},\"query-input\":{\"@type\":\"PropertyValueSpecification\",\"valueRequired\":true,\"valueName\":\"search_term_string\"}}],\"inLanguage\":\"en-US\"}]}<\/script>\n<!-- \/ Yoast SEO plugin. -->","yoast_head_json":{"title":"Contacts - Giusto Manetti Battiloro | Manetti Foil","description":"Giusto Manetti Battiloro - Via Tosca Fiesoli 89\/M, 50013 Campi Bisenzio - Italy. Contacts 055 43 62 61","robots":{"index":"index","follow":"follow","max-snippet":"max-snippet:-1","max-image-preview":"max-image-preview:large","max-video-preview":"max-video-preview:-1"},"canonical":"https:\/\/manettifoil.com\/en\/contacts\/","og_locale":"en_US","og_type":"article","og_title":"Contacts - Giusto Manetti Battiloro | Manetti Foil","og_description":"Giusto Manetti Battiloro - Via Tosca Fiesoli 89\/M, 50013 Campi Bisenzio - Italy. Contacts 055 43 62 61","og_url":"https:\/\/manettifoil.com\/en\/contacts\/","og_site_name":"Manetti Foil","article_modified_time":"2023-06-15T09:41:13+00:00","twitter_card":"summary_large_image","twitter_misc":{"Est. reading time":"1 minute"},"schema":{"@context":"https:\/\/schema.org","@graph":[{"@type":"WebPage","@id":"https:\/\/manettifoil.com\/en\/contacts\/","url":"https:\/\/manettifoil.com\/en\/contacts\/","name":"Contacts - Giusto Manetti Battiloro | Manetti Foil","isPartOf":{"@id":"https:\/\/manettifoil.com\/#website"},"datePublished":"2018-01-30T15:19:14+00:00","dateModified":"2023-06-15T09:41:13+00:00","description":"Giusto Manetti Battiloro - Via Tosca Fiesoli 89\/M, 50013 Campi Bisenzio - Italy. Contacts 055 43 62 61","breadcrumb":{"@id":"https:\/\/manettifoil.com\/en\/contacts\/#breadcrumb"},"inLanguage":"en-US","potentialAction":[{"@type":"ReadAction","target":["https:\/\/manettifoil.com\/en\/contacts\/"]}]},{"@type":"BreadcrumbList","@id":"https:\/\/manettifoil.com\/en\/contacts\/#breadcrumb","itemListElement":[{"@type":"ListItem","position":1,"name":"Home","item":"https:\/\/manettifoil.com\/en\/"},{"@type":"ListItem","position":2,"name":"CONTACTS"}]},{"@type":"WebSite","@id":"https:\/\/manettifoil.com\/#website","url":"https:\/\/manettifoil.com\/","name":"Manetti Foil","description":"Tradition, Quality, Ethic, Innovation","potentialAction":[{"@type":"SearchAction","target":{"@type":"EntryPoint","urlTemplate":"https:\/\/manettifoil.com\/?s={search_term_string}"},"query-input":{"@type":"PropertyValueSpecification","valueRequired":true,"valueName":"search_term_string"}}],"inLanguage":"en-US"}]}},"_links":{"self":[{"href":"https:\/\/manettifoil.com\/en\/wp-json\/wp\/v2\/pages\/3876"}],"collection":[{"href":"https:\/\/manettifoil.com\/en\/wp-json\/wp\/v2\/pages"}],"about":[{"href":"https:\/\/manettifoil.com\/en\/wp-json\/wp\/v2\/types\/page"}],"author":[{"embeddable":true,"href":"https:\/\/manettifoil.com\/en\/wp-json\/wp\/v2\/users\/4"}],"replies":[{"embeddable":true,"href":"https:\/\/manettifoil.com\/en\/wp-json\/wp\/v2\/comments?post=3876"}],"version-history":[{"count":8,"href":"https:\/\/manettifoil.com\/en\/wp-json\/wp\/v2\/pages\/3876\/revisions"}],"predecessor-version":[{"id":4555,"href":"https:\/\/manettifoil.com\/en\/wp-json\/wp\/v2\/pages\/3876\/revisions\/4555"}],"wp:attachment":[{"href":"https:\/\/manettifoil.com\/en\/wp-json\/wp\/v2\/media?parent=3876"}],"curies":[{"name":"wp","href":"https:\/\/api.w.org\/{rel}","templated":true}]}}